{"id":5562,"date":"2020-09-30T14:21:06","date_gmt":"2020-09-30T14:21:06","guid":{"rendered":"https:\/\/rna.ao\/rna.ao\/?page_id=5562"},"modified":"2023-04-20T12:10:17","modified_gmt":"2023-04-20T11:10:17","slug":"servicos","status":"publish","type":"page","link":"https:\/\/rna.ao\/rna.ao\/servicos\/","title":{"rendered":"Servi\u00e7os"},"content":{"rendered":"<p><strong><u>MODELO DE NEG\u00d3CIO<\/u><\/strong><\/p>\n<p><strong>Informa\u00e7\u00e3o Comercial<\/strong><\/p>\n<p>Alicer\u00e7ado essencialmente na assinatura o modelo de neg\u00f3cio da RNA-EP agrega \u00a0como principais produtos e servi\u00e7os, a venda de espa\u00e7os comerciais, \u00a0o aluguer de espa\u00e7os f\u00edsicos e a contrata\u00e7\u00e3o de Bandas Musicais.<\/p>\n<p>Com 5 Canais nacionais, dos quais 3 generalistas e 2 de especialidade (Desporto e M\u00fasica), 18 R\u00e1dios Provinciais, 2 Regionais e 26 R\u00e1dios Municipais detendo como parceiros as principais Agenciais de Publicidade.<\/p>\n<p>A Direc\u00e7\u00e3o Comercial e Marketing da RNA-EP \u00e9 a gestora dos espa\u00e7os publicit\u00e1rios disp\u00f5e de uma equipa de profissionais com capacidade de ajuizar a necessidade de cada cliente e estruturar solu\u00e7\u00f5es para rentabilizar os investimentos dos anunciantes.<\/p>\n<p>&nbsp;<\/p>\n<p><strong>Servi\u00e7os RNA-E.P.<\/strong><\/p>\n<p><strong>\u00a0<\/strong><\/p>\n<ul>\n<li><strong>Alugueres <\/strong><\/li>\n<\/ul>\n<ol>\n<li>Espa\u00e7os F\u00edsicos;<\/li>\n<li>Audit\u00f3rio Rui Carvalho<\/li>\n<li>Campo de Jogos (Manuel Berenguel);<\/li>\n<li>Equipamentos;<\/li>\n<li>Est\u00fadios;<\/li>\n<\/ol>\n<p><strong>\u00a0<\/strong><\/p>\n<ul>\n<li><strong>Banda Movimento (<\/strong>Agrupamento Musical)<\/li>\n<\/ul>\n<ol>\n<li>Produ\u00e7\u00e3o de M\u00fasica;<\/li>\n<li>Contrata\u00e7\u00e3o da Banda (Suporte de Shows\/Festas\/Casamentos)<\/li>\n<\/ol>\n<p>&nbsp;<\/p>\n<ul>\n<li><strong>Venda de Ingressos de Eventos <\/strong><\/li>\n<\/ul>\n<ol>\n<li>Eventos RNA-EP;<\/li>\n<li>Eventos de Terceiros.<\/li>\n<\/ol>\n<p><strong>\u00a0<\/strong><\/p>\n<p><strong><u>Como anunciar o seu neg\u00f3cio ou produtos na RNA.<\/u><\/strong><\/p>\n<p><strong>Morada:<\/strong> Rua Comandante Gika, s\/n-C.P.1329 Luanda &#8211; Angola<\/p>\n<p><strong>Contactos:<\/strong> (+244) 946 441 484 \u2013 927 592 759<\/p>\n<p><strong>E-mail:<\/strong> dcm@rna.ao; agencia.publicidade2013@gmail.com<\/p>\n","protected":false},"excerpt":{"rendered":"<p>MODELO DE NEG\u00d3CIO Informa\u00e7\u00e3o Comercial Alicer\u00e7ado essencialmente na assinatura o modelo de neg\u00f3cio da RNA-EP agrega \u00a0como principais produtos e servi\u00e7os, a venda de espa\u00e7os comerciais, \u00a0o aluguer de espa\u00e7os f\u00edsicos e a contrata\u00e7\u00e3o de Bandas Musicais. Com 5 Canais nacionais, dos quais 3 generalistas e 2 de especialidade (Desporto ...<\/p>\n","protected":false},"author":1,"featured_media":100395,"parent":0,"menu_order":0,"comment_status":"closed","ping_status":"closed","template":"","meta":[],"_links":{"self":[{"href":"https:\/\/rna.ao\/rna.ao\/wp-json\/wp\/v2\/pages\/5562"}],"collection":[{"href":"https:\/\/rna.ao\/rna.ao\/wp-json\/wp\/v2\/pages"}],"about":[{"href":"https:\/\/rna.ao\/rna.ao\/wp-json\/wp\/v2\/types\/page"}],"author":[{"embeddable":true,"href":"https:\/\/rna.ao\/rna.ao\/wp-json\/wp\/v2\/users\/1"}],"replies":[{"embeddable":true,"href":"https:\/\/rna.ao\/rna.ao\/wp-json\/wp\/v2\/comments?post=5562"}],"version-history":[{"count":2,"href":"https:\/\/rna.ao\/rna.ao\/wp-json\/wp\/v2\/pages\/5562\/revisions"}],"predecessor-version":[{"id":5587,"href":"https:\/\/rna.ao\/rna.ao\/wp-json\/wp\/v2\/pages\/5562\/revisions\/5587"}],"wp:featuredmedia":[{"embeddable":true,"href":"https:\/\/rna.ao\/rna.ao\/wp-json\/wp\/v2\/media\/100395"}],"wp:attachment":[{"href":"https:\/\/rna.ao\/rna.ao\/wp-json\/wp\/v2\/media?parent=5562"}],"curies":[{"name":"wp","href":"https:\/\/api.w.org\/{rel}","templated":true}]}}