{"id":129169,"date":"2024-01-17T16:40:33","date_gmt":"2024-01-17T15:40:33","guid":{"rendered":"https:\/\/rna.ao\/rna.ao\/?page_id=129169"},"modified":"2025-12-25T08:25:58","modified_gmt":"2025-12-25T07:25:58","slug":"tabela-de-publicidade","status":"publish","type":"page","link":"https:\/\/rna.ao\/rna.ao\/tabela-de-publicidade\/","title":{"rendered":"Tabela de Publicidade"},"content":{"rendered":"\t\t<div data-elementor-type=\"wp-page\" data-elementor-id=\"129169\" class=\"elementor elementor-129169\" data-elementor-settings=\"[]\">\n\t\t\t\t\t\t<div class=\"elementor-inner\">\n\t\t\t\t\t\t\t<div class=\"elementor-section-wrap\">\n\t\t\t\t\t\t\t<section class=\"elementor-section elementor-top-section elementor-element elementor-element-29e8acc elementor-section-boxed elementor-section-height-default elementor-section-height-default\" data-id=\"29e8acc\" data-element_type=\"section\">\n\t\t\t\t\t\t<div class=\"elementor-container elementor-column-gap-default\">\n\t\t\t\t\t\t\t<div class=\"elementor-row\">\n\t\t\t\t\t<div class=\"elementor-column elementor-col-100 elementor-top-column elementor-element elementor-element-64a8b02\" data-id=\"64a8b02\" data-element_type=\"column\">\n\t\t\t<div class=\"elementor-column-wrap elementor-element-populated\">\n\t\t\t\t\t\t\t<div class=\"elementor-widget-wrap\">\n\t\t\t\t\t\t<div class=\"elementor-element elementor-element-a35ea90 elementor-widget elementor-widget-heading\" data-id=\"a35ea90\" data-element_type=\"widget\" data-widget_type=\"heading.default\">\n\t\t\t\t<div class=\"elementor-widget-container\">\n\t\t\t<h2 class=\"elementor-heading-title elementor-size-default\">Consulte aqui a nossa tabela de pre\u00e7os para publicidade<\/h2>\t\t<\/div>\n\t\t\t\t<\/div>\n\t\t\t\t\t\t<\/div>\n\t\t\t\t\t<\/div>\n\t\t<\/div>\n\t\t\t\t\t\t\t\t<\/div>\n\t\t\t\t\t<\/div>\n\t\t<\/section>\n\t\t\t\t<section class=\"elementor-section elementor-top-section elementor-element elementor-element-4dde3c7 elementor-section-boxed elementor-section-height-default elementor-section-height-default\" data-id=\"4dde3c7\" data-element_type=\"section\">\n\t\t\t\t\t\t<div class=\"elementor-container elementor-column-gap-default\">\n\t\t\t\t\t\t\t<div class=\"elementor-row\">\n\t\t\t\t\t<div class=\"elementor-column elementor-col-100 elementor-top-column elementor-element elementor-element-7244c49\" data-id=\"7244c49\" data-element_type=\"column\">\n\t\t\t<div class=\"elementor-column-wrap elementor-element-populated\">\n\t\t\t\t\t\t\t<div class=\"elementor-widget-wrap\">\n\t\t\t\t\t\t<div class=\"elementor-element elementor-element-0ff5404 elementor-widget elementor-widget-heading\" data-id=\"0ff5404\" data-element_type=\"widget\" data-widget_type=\"heading.default\">\n\t\t\t\t<div class=\"elementor-widget-container\">\n\t\t\t<h5 class=\"elementor-heading-title elementor-size-default\">Click e descarregue a nossa tabela de pre\u00e7\u00e1rios<\/h5>\t\t<\/div>\n\t\t\t\t<\/div>\n\t\t\t\t<div class=\"elementor-element elementor-element-e72b548 elementor-widget elementor-widget-heading\" data-id=\"e72b548\" data-element_type=\"widget\" data-widget_type=\"heading.default\">\n\t\t\t\t<div class=\"elementor-widget-container\">\n\t\t\t<p class=\"elementor-heading-title elementor-size-default\"><a href=\"https:\/\/rna.ao\/rna.ao\/wp-content\/uploads\/2020\/06\/TABELA-2024-FINAL.pdf\">.................................................................Aqui!....................................................................<\/a><\/p>\t\t<\/div>\n\t\t\t\t<\/div>\n\t\t\t\t\t\t<\/div>\n\t\t\t\t\t<\/div>\n\t\t<\/div>\n\t\t\t\t\t\t\t\t<\/div>\n\t\t\t\t\t<\/div>\n\t\t<\/section>\n\t\t\t\t<section class=\"elementor-section elementor-top-section elementor-element elementor-element-2907dae elementor-section-boxed elementor-section-height-default elementor-section-height-default\" data-id=\"2907dae\" data-element_type=\"section\">\n\t\t\t\t\t\t<div class=\"elementor-container elementor-column-gap-default\">\n\t\t\t\t\t\t\t<div class=\"elementor-row\">\n\t\t\t\t\t<div class=\"elementor-column elementor-col-100 elementor-top-column elementor-element elementor-element-252c007\" data-id=\"252c007\" data-element_type=\"column\">\n\t\t\t<div class=\"elementor-column-wrap elementor-element-populated\">\n\t\t\t\t\t\t\t<div class=\"elementor-widget-wrap\">\n\t\t\t\t\t\t<div class=\"elementor-element elementor-element-51d0e5c elementor-widget elementor-widget-image\" data-id=\"51d0e5c\" data-element_type=\"widget\" data-widget_type=\"image.default\">\n\t\t\t\t<div class=\"elementor-widget-container\">\n\t\t\t\t\t<div class=\"elementor-image\">\n\t\t\t\t\t\t\t\t\t\t<img width=\"658\" height=\"1170\" src=\"https:\/\/rna.ao\/rna.ao\/wp-content\/uploads\/2020\/06\/001PUB-658x1170.jpg\" class=\"attachment-large size-large\" alt=\"\" loading=\"lazy\" srcset=\"https:\/\/rna.ao\/rna.ao\/wp-content\/uploads\/2020\/06\/001PUB-658x1170.jpg 658w, https:\/\/rna.ao\/rna.ao\/wp-content\/uploads\/2020\/06\/001PUB-433x770.jpg 433w, https:\/\/rna.ao\/rna.ao\/wp-content\/uploads\/2020\/06\/001PUB-768x1365.jpg 768w, https:\/\/rna.ao\/rna.ao\/wp-content\/uploads\/2020\/06\/001PUB-864x1536.jpg 864w, https:\/\/rna.ao\/rna.ao\/wp-content\/uploads\/2020\/06\/001PUB.jpg 900w\" sizes=\"(max-width: 658px) 100vw, 658px\" \/>\t\t\t\t\t\t\t\t\t\t\t<\/div>\n\t\t\t\t<\/div>\n\t\t\t\t<\/div>\n\t\t\t\t\t\t<\/div>\n\t\t\t\t\t<\/div>\n\t\t<\/div>\n\t\t\t\t\t\t\t\t<\/div>\n\t\t\t\t\t<\/div>\n\t\t<\/section>\n\t\t\t\t<section class=\"elementor-section elementor-top-section elementor-element elementor-element-3385e47 elementor-section-boxed elementor-section-height-default elementor-section-height-default\" data-id=\"3385e47\" data-element_type=\"section\">\n\t\t\t\t\t\t<div class=\"elementor-container elementor-column-gap-default\">\n\t\t\t\t\t\t\t<div class=\"elementor-row\">\n\t\t\t\t\t<div class=\"elementor-column elementor-col-100 elementor-top-column elementor-element elementor-element-a461d16\" data-id=\"a461d16\" data-element_type=\"column\">\n\t\t\t<div class=\"elementor-column-wrap elementor-element-populated\">\n\t\t\t\t\t\t\t<div class=\"elementor-widget-wrap\">\n\t\t\t\t\t\t<div class=\"elementor-element elementor-element-4b1b6e2 elementor-widget elementor-widget-image\" data-id=\"4b1b6e2\" data-element_type=\"widget\" data-widget_type=\"image.default\">\n\t\t\t\t<div class=\"elementor-widget-container\">\n\t\t\t\t\t<div class=\"elementor-image\">\n\t\t\t\t\t\t\t\t\t\t<img width=\"658\" height=\"1170\" src=\"https:\/\/rna.ao\/rna.ao\/wp-content\/uploads\/2020\/06\/002PUB-658x1170.jpg\" class=\"attachment-large size-large\" alt=\"\" loading=\"lazy\" srcset=\"https:\/\/rna.ao\/rna.ao\/wp-content\/uploads\/2020\/06\/002PUB-658x1170.jpg 658w, https:\/\/rna.ao\/rna.ao\/wp-content\/uploads\/2020\/06\/002PUB-433x770.jpg 433w, https:\/\/rna.ao\/rna.ao\/wp-content\/uploads\/2020\/06\/002PUB-768x1365.jpg 768w, https:\/\/rna.ao\/rna.ao\/wp-content\/uploads\/2020\/06\/002PUB-864x1536.jpg 864w, https:\/\/rna.ao\/rna.ao\/wp-content\/uploads\/2020\/06\/002PUB.jpg 1080w\" sizes=\"(max-width: 658px) 100vw, 658px\" \/>\t\t\t\t\t\t\t\t\t\t\t<\/div>\n\t\t\t\t<\/div>\n\t\t\t\t<\/div>\n\t\t\t\t\t\t<\/div>\n\t\t\t\t\t<\/div>\n\t\t<\/div>\n\t\t\t\t\t\t\t\t<\/div>\n\t\t\t\t\t<\/div>\n\t\t<\/section>\n\t\t\t\t<section class=\"elementor-section elementor-top-section elementor-element elementor-element-b9d6b25 elementor-section-boxed elementor-section-height-default elementor-section-height-default\" data-id=\"b9d6b25\" data-element_type=\"section\">\n\t\t\t\t\t\t<div class=\"elementor-container elementor-column-gap-default\">\n\t\t\t\t\t\t\t<div class=\"elementor-row\">\n\t\t\t\t\t<div class=\"elementor-column elementor-col-100 elementor-top-column elementor-element elementor-element-09377a2\" data-id=\"09377a2\" data-element_type=\"column\">\n\t\t\t<div class=\"elementor-column-wrap elementor-element-populated\">\n\t\t\t\t\t\t\t<div class=\"elementor-widget-wrap\">\n\t\t\t\t\t\t<div class=\"elementor-element elementor-element-d579279 elementor-widget elementor-widget-image\" data-id=\"d579279\" data-element_type=\"widget\" data-widget_type=\"image.default\">\n\t\t\t\t<div class=\"elementor-widget-container\">\n\t\t\t\t\t<div class=\"elementor-image\">\n\t\t\t\t\t\t\t\t\t\t<img width=\"658\" height=\"1170\" src=\"https:\/\/rna.ao\/rna.ao\/wp-content\/uploads\/2020\/06\/003PUB-658x1170.jpg\" class=\"attachment-large size-large\" alt=\"\" loading=\"lazy\" srcset=\"https:\/\/rna.ao\/rna.ao\/wp-content\/uploads\/2020\/06\/003PUB-658x1170.jpg 658w, https:\/\/rna.ao\/rna.ao\/wp-content\/uploads\/2020\/06\/003PUB-433x770.jpg 433w, https:\/\/rna.ao\/rna.ao\/wp-content\/uploads\/2020\/06\/003PUB-768x1365.jpg 768w, https:\/\/rna.ao\/rna.ao\/wp-content\/uploads\/2020\/06\/003PUB-864x1536.jpg 864w, https:\/\/rna.ao\/rna.ao\/wp-content\/uploads\/2020\/06\/003PUB.jpg 1080w\" sizes=\"(max-width: 658px) 100vw, 658px\" \/>\t\t\t\t\t\t\t\t\t\t\t<\/div>\n\t\t\t\t<\/div>\n\t\t\t\t<\/div>\n\t\t\t\t\t\t<\/div>\n\t\t\t\t\t<\/div>\n\t\t<\/div>\n\t\t\t\t\t\t\t\t<\/div>\n\t\t\t\t\t<\/div>\n\t\t<\/section>\n\t\t\t\t<section class=\"elementor-section elementor-top-section elementor-element elementor-element-9929855 elementor-section-boxed elementor-section-height-default elementor-section-height-default\" data-id=\"9929855\" data-element_type=\"section\">\n\t\t\t\t\t\t<div class=\"elementor-container elementor-column-gap-default\">\n\t\t\t\t\t\t\t<div class=\"elementor-row\">\n\t\t\t\t\t<div class=\"elementor-column elementor-col-100 elementor-top-column elementor-element elementor-element-bc953e5\" data-id=\"bc953e5\" data-element_type=\"column\">\n\t\t\t<div class=\"elementor-column-wrap elementor-element-populated\">\n\t\t\t\t\t\t\t<div class=\"elementor-widget-wrap\">\n\t\t\t\t\t\t<div class=\"elementor-element elementor-element-9a57157 elementor-widget elementor-widget-image\" data-id=\"9a57157\" data-element_type=\"widget\" data-widget_type=\"image.default\">\n\t\t\t\t<div class=\"elementor-widget-container\">\n\t\t\t\t\t<div class=\"elementor-image\">\n\t\t\t\t\t\t\t\t\t\t<img width=\"658\" height=\"1170\" src=\"https:\/\/rna.ao\/rna.ao\/wp-content\/uploads\/2020\/06\/004PUB-658x1170.jpg\" class=\"attachment-large size-large\" alt=\"\" loading=\"lazy\" srcset=\"https:\/\/rna.ao\/rna.ao\/wp-content\/uploads\/2020\/06\/004PUB-658x1170.jpg 658w, https:\/\/rna.ao\/rna.ao\/wp-content\/uploads\/2020\/06\/004PUB-433x770.jpg 433w, https:\/\/rna.ao\/rna.ao\/wp-content\/uploads\/2020\/06\/004PUB-768x1365.jpg 768w, https:\/\/rna.ao\/rna.ao\/wp-content\/uploads\/2020\/06\/004PUB-864x1536.jpg 864w, https:\/\/rna.ao\/rna.ao\/wp-content\/uploads\/2020\/06\/004PUB.jpg 1080w\" sizes=\"(max-width: 658px) 100vw, 658px\" \/>\t\t\t\t\t\t\t\t\t\t\t<\/div>\n\t\t\t\t<\/div>\n\t\t\t\t<\/div>\n\t\t\t\t\t\t<\/div>\n\t\t\t\t\t<\/div>\n\t\t<\/div>\n\t\t\t\t\t\t\t\t<\/div>\n\t\t\t\t\t<\/div>\n\t\t<\/section>\n\t\t\t\t<section class=\"elementor-section elementor-top-section elementor-element elementor-element-95ad9ae elementor-section-boxed elementor-section-height-default elementor-section-height-default\" data-id=\"95ad9ae\" data-element_type=\"section\">\n\t\t\t\t\t\t<div class=\"elementor-container elementor-column-gap-default\">\n\t\t\t\t\t\t\t<div class=\"elementor-row\">\n\t\t\t\t\t<div class=\"elementor-column elementor-col-100 elementor-top-column elementor-element elementor-element-8da3e16\" data-id=\"8da3e16\" data-element_type=\"column\">\n\t\t\t<div class=\"elementor-column-wrap elementor-element-populated\">\n\t\t\t\t\t\t\t<div class=\"elementor-widget-wrap\">\n\t\t\t\t\t\t<div class=\"elementor-element elementor-element-9e29b42 elementor-widget elementor-widget-image\" data-id=\"9e29b42\" data-element_type=\"widget\" data-widget_type=\"image.default\">\n\t\t\t\t<div class=\"elementor-widget-container\">\n\t\t\t\t\t<div class=\"elementor-image\">\n\t\t\t\t\t\t\t\t\t\t<img width=\"658\" height=\"1170\" src=\"https:\/\/rna.ao\/rna.ao\/wp-content\/uploads\/2020\/06\/006PUB-658x1170.jpg\" class=\"attachment-large size-large\" alt=\"\" loading=\"lazy\" srcset=\"https:\/\/rna.ao\/rna.ao\/wp-content\/uploads\/2020\/06\/006PUB-658x1170.jpg 658w, https:\/\/rna.ao\/rna.ao\/wp-content\/uploads\/2020\/06\/006PUB-433x770.jpg 433w, https:\/\/rna.ao\/rna.ao\/wp-content\/uploads\/2020\/06\/006PUB-768x1365.jpg 768w, https:\/\/rna.ao\/rna.ao\/wp-content\/uploads\/2020\/06\/006PUB-864x1536.jpg 864w, https:\/\/rna.ao\/rna.ao\/wp-content\/uploads\/2020\/06\/006PUB.jpg 1080w\" sizes=\"(max-width: 658px) 100vw, 658px\" \/>\t\t\t\t\t\t\t\t\t\t\t<\/div>\n\t\t\t\t<\/div>\n\t\t\t\t<\/div>\n\t\t\t\t\t\t<\/div>\n\t\t\t\t\t<\/div>\n\t\t<\/div>\n\t\t\t\t\t\t\t\t<\/div>\n\t\t\t\t\t<\/div>\n\t\t<\/section>\n\t\t\t\t<section class=\"elementor-section elementor-top-section elementor-element elementor-element-b1832d5 elementor-section-boxed elementor-section-height-default elementor-section-height-default\" data-id=\"b1832d5\" data-element_type=\"section\">\n\t\t\t\t\t\t<div class=\"elementor-container elementor-column-gap-default\">\n\t\t\t\t\t\t\t<div class=\"elementor-row\">\n\t\t\t\t\t<div class=\"elementor-column elementor-col-100 elementor-top-column elementor-element elementor-element-4dac2ce\" data-id=\"4dac2ce\" data-element_type=\"column\">\n\t\t\t<div class=\"elementor-column-wrap elementor-element-populated\">\n\t\t\t\t\t\t\t<div class=\"elementor-widget-wrap\">\n\t\t\t\t\t\t<div class=\"elementor-element elementor-element-1c40a59 elementor-widget elementor-widget-image\" data-id=\"1c40a59\" data-element_type=\"widget\" data-widget_type=\"image.default\">\n\t\t\t\t<div class=\"elementor-widget-container\">\n\t\t\t\t\t<div class=\"elementor-image\">\n\t\t\t\t\t\t\t\t\t\t<img width=\"658\" height=\"1170\" src=\"https:\/\/rna.ao\/rna.ao\/wp-content\/uploads\/2020\/06\/006PUB-658x1170.jpg\" class=\"attachment-large size-large\" alt=\"\" loading=\"lazy\" srcset=\"https:\/\/rna.ao\/rna.ao\/wp-content\/uploads\/2020\/06\/006PUB-658x1170.jpg 658w, https:\/\/rna.ao\/rna.ao\/wp-content\/uploads\/2020\/06\/006PUB-433x770.jpg 433w, https:\/\/rna.ao\/rna.ao\/wp-content\/uploads\/2020\/06\/006PUB-768x1365.jpg 768w, https:\/\/rna.ao\/rna.ao\/wp-content\/uploads\/2020\/06\/006PUB-864x1536.jpg 864w, https:\/\/rna.ao\/rna.ao\/wp-content\/uploads\/2020\/06\/006PUB.jpg 1080w\" sizes=\"(max-width: 658px) 100vw, 658px\" \/>\t\t\t\t\t\t\t\t\t\t\t<\/div>\n\t\t\t\t<\/div>\n\t\t\t\t<\/div>\n\t\t\t\t\t\t<\/div>\n\t\t\t\t\t<\/div>\n\t\t<\/div>\n\t\t\t\t\t\t\t\t<\/div>\n\t\t\t\t\t<\/div>\n\t\t<\/section>\n\t\t\t\t<section class=\"elementor-section elementor-top-section elementor-element elementor-element-7a4eb30 elementor-section-boxed elementor-section-height-default elementor-section-height-default\" data-id=\"7a4eb30\" data-element_type=\"section\">\n\t\t\t\t\t\t<div class=\"elementor-container elementor-column-gap-default\">\n\t\t\t\t\t\t\t<div class=\"elementor-row\">\n\t\t\t\t\t<div class=\"elementor-column elementor-col-100 elementor-top-column elementor-element elementor-element-2d5f203\" data-id=\"2d5f203\" data-element_type=\"column\">\n\t\t\t<div class=\"elementor-column-wrap elementor-element-populated\">\n\t\t\t\t\t\t\t<div class=\"elementor-widget-wrap\">\n\t\t\t\t\t\t<div class=\"elementor-element elementor-element-12de912 elementor-widget elementor-widget-image\" data-id=\"12de912\" data-element_type=\"widget\" data-widget_type=\"image.default\">\n\t\t\t\t<div class=\"elementor-widget-container\">\n\t\t\t\t\t<div class=\"elementor-image\">\n\t\t\t\t\t\t\t\t\t\t<img width=\"658\" height=\"1170\" src=\"https:\/\/rna.ao\/rna.ao\/wp-content\/uploads\/2020\/06\/007PUB-658x1170.jpg\" class=\"attachment-large size-large\" alt=\"\" loading=\"lazy\" srcset=\"https:\/\/rna.ao\/rna.ao\/wp-content\/uploads\/2020\/06\/007PUB-658x1170.jpg 658w, https:\/\/rna.ao\/rna.ao\/wp-content\/uploads\/2020\/06\/007PUB-433x770.jpg 433w, https:\/\/rna.ao\/rna.ao\/wp-content\/uploads\/2020\/06\/007PUB-768x1365.jpg 768w, https:\/\/rna.ao\/rna.ao\/wp-content\/uploads\/2020\/06\/007PUB-864x1536.jpg 864w, https:\/\/rna.ao\/rna.ao\/wp-content\/uploads\/2020\/06\/007PUB.jpg 1080w\" sizes=\"(max-width: 658px) 100vw, 658px\" \/>\t\t\t\t\t\t\t\t\t\t\t<\/div>\n\t\t\t\t<\/div>\n\t\t\t\t<\/div>\n\t\t\t\t\t\t<\/div>\n\t\t\t\t\t<\/div>\n\t\t<\/div>\n\t\t\t\t\t\t\t\t<\/div>\n\t\t\t\t\t<\/div>\n\t\t<\/section>\n\t\t\t\t<section class=\"elementor-section elementor-top-section elementor-element elementor-element-1e3e532 elementor-section-boxed elementor-section-height-default elementor-section-height-default\" data-id=\"1e3e532\" data-element_type=\"section\">\n\t\t\t\t\t\t<div class=\"elementor-container elementor-column-gap-default\">\n\t\t\t\t\t\t\t<div class=\"elementor-row\">\n\t\t\t\t\t<div class=\"elementor-column elementor-col-100 elementor-top-column elementor-element elementor-element-683a8ef\" data-id=\"683a8ef\" data-element_type=\"column\">\n\t\t\t<div class=\"elementor-column-wrap elementor-element-populated\">\n\t\t\t\t\t\t\t<div class=\"elementor-widget-wrap\">\n\t\t\t\t\t\t<div class=\"elementor-element elementor-element-55d4c4b elementor-widget elementor-widget-image\" data-id=\"55d4c4b\" data-element_type=\"widget\" data-widget_type=\"image.default\">\n\t\t\t\t<div class=\"elementor-widget-container\">\n\t\t\t\t\t<div class=\"elementor-image\">\n\t\t\t\t\t\t\t\t\t\t<img width=\"658\" height=\"1170\" src=\"https:\/\/rna.ao\/rna.ao\/wp-content\/uploads\/2020\/06\/008PUB-658x1170.jpg\" class=\"attachment-large size-large\" alt=\"\" loading=\"lazy\" srcset=\"https:\/\/rna.ao\/rna.ao\/wp-content\/uploads\/2020\/06\/008PUB-658x1170.jpg 658w, https:\/\/rna.ao\/rna.ao\/wp-content\/uploads\/2020\/06\/008PUB-433x770.jpg 433w, https:\/\/rna.ao\/rna.ao\/wp-content\/uploads\/2020\/06\/008PUB-768x1365.jpg 768w, https:\/\/rna.ao\/rna.ao\/wp-content\/uploads\/2020\/06\/008PUB-864x1536.jpg 864w, https:\/\/rna.ao\/rna.ao\/wp-content\/uploads\/2020\/06\/008PUB.jpg 1080w\" sizes=\"(max-width: 658px) 100vw, 658px\" \/>\t\t\t\t\t\t\t\t\t\t\t<\/div>\n\t\t\t\t<\/div>\n\t\t\t\t<\/div>\n\t\t\t\t\t\t<\/div>\n\t\t\t\t\t<\/div>\n\t\t<\/div>\n\t\t\t\t\t\t\t\t<\/div>\n\t\t\t\t\t<\/div>\n\t\t<\/section>\n\t\t\t\t<section class=\"elementor-section elementor-top-section elementor-element elementor-element-c4d33d6 elementor-section-boxed elementor-section-height-default elementor-section-height-default\" data-id=\"c4d33d6\" data-element_type=\"section\">\n\t\t\t\t\t\t<div class=\"elementor-container elementor-column-gap-default\">\n\t\t\t\t\t\t\t<div class=\"elementor-row\">\n\t\t\t\t\t<div class=\"elementor-column elementor-col-100 elementor-top-column elementor-element elementor-element-4f87a1c\" data-id=\"4f87a1c\" data-element_type=\"column\">\n\t\t\t<div class=\"elementor-column-wrap elementor-element-populated\">\n\t\t\t\t\t\t\t<div class=\"elementor-widget-wrap\">\n\t\t\t\t\t\t<div class=\"elementor-element elementor-element-8b0e599 elementor-widget elementor-widget-image\" data-id=\"8b0e599\" data-element_type=\"widget\" data-widget_type=\"image.default\">\n\t\t\t\t<div class=\"elementor-widget-container\">\n\t\t\t\t\t<div class=\"elementor-image\">\n\t\t\t\t\t\t\t\t\t\t<img width=\"658\" height=\"1170\" src=\"https:\/\/rna.ao\/rna.ao\/wp-content\/uploads\/2020\/06\/009PUB-658x1170.jpg\" class=\"attachment-large size-large\" alt=\"\" loading=\"lazy\" srcset=\"https:\/\/rna.ao\/rna.ao\/wp-content\/uploads\/2020\/06\/009PUB-658x1170.jpg 658w, https:\/\/rna.ao\/rna.ao\/wp-content\/uploads\/2020\/06\/009PUB-433x770.jpg 433w, https:\/\/rna.ao\/rna.ao\/wp-content\/uploads\/2020\/06\/009PUB-768x1365.jpg 768w, https:\/\/rna.ao\/rna.ao\/wp-content\/uploads\/2020\/06\/009PUB-864x1536.jpg 864w, https:\/\/rna.ao\/rna.ao\/wp-content\/uploads\/2020\/06\/009PUB.jpg 1080w\" sizes=\"(max-width: 658px) 100vw, 658px\" \/>\t\t\t\t\t\t\t\t\t\t\t<\/div>\n\t\t\t\t<\/div>\n\t\t\t\t<\/div>\n\t\t\t\t\t\t<\/div>\n\t\t\t\t\t<\/div>\n\t\t<\/div>\n\t\t\t\t\t\t\t\t<\/div>\n\t\t\t\t\t<\/div>\n\t\t<\/section>\n\t\t\t\t<section class=\"elementor-section elementor-top-section elementor-element elementor-element-1959f37 elementor-section-boxed elementor-section-height-default elementor-section-height-default\" data-id=\"1959f37\" data-element_type=\"section\">\n\t\t\t\t\t\t<div class=\"elementor-container elementor-column-gap-default\">\n\t\t\t\t\t\t\t<div class=\"elementor-row\">\n\t\t\t\t\t<div class=\"elementor-column elementor-col-100 elementor-top-column elementor-element elementor-element-401ce60\" data-id=\"401ce60\" data-element_type=\"column\">\n\t\t\t<div class=\"elementor-column-wrap elementor-element-populated\">\n\t\t\t\t\t\t\t<div class=\"elementor-widget-wrap\">\n\t\t\t\t\t\t<div class=\"elementor-element elementor-element-d8fb390 elementor-widget elementor-widget-image\" data-id=\"d8fb390\" data-element_type=\"widget\" data-widget_type=\"image.default\">\n\t\t\t\t<div class=\"elementor-widget-container\">\n\t\t\t\t\t<div class=\"elementor-image\">\n\t\t\t\t\t\t\t\t\t\t<img width=\"658\" height=\"1170\" src=\"https:\/\/rna.ao\/rna.ao\/wp-content\/uploads\/2020\/06\/0010PUB-658x1170.jpg\" class=\"attachment-large size-large\" alt=\"\" loading=\"lazy\" srcset=\"https:\/\/rna.ao\/rna.ao\/wp-content\/uploads\/2020\/06\/0010PUB-658x1170.jpg 658w, https:\/\/rna.ao\/rna.ao\/wp-content\/uploads\/2020\/06\/0010PUB-433x770.jpg 433w, https:\/\/rna.ao\/rna.ao\/wp-content\/uploads\/2020\/06\/0010PUB-768x1365.jpg 768w, https:\/\/rna.ao\/rna.ao\/wp-content\/uploads\/2020\/06\/0010PUB-864x1536.jpg 864w, https:\/\/rna.ao\/rna.ao\/wp-content\/uploads\/2020\/06\/0010PUB.jpg 1080w\" sizes=\"(max-width: 658px) 100vw, 658px\" \/>\t\t\t\t\t\t\t\t\t\t\t<\/div>\n\t\t\t\t<\/div>\n\t\t\t\t<\/div>\n\t\t\t\t\t\t<\/div>\n\t\t\t\t\t<\/div>\n\t\t<\/div>\n\t\t\t\t\t\t\t\t<\/div>\n\t\t\t\t\t<\/div>\n\t\t<\/section>\n\t\t\t\t\t\t<\/div>\n\t\t\t\t\t\t<\/div>\n\t\t\t\t\t<\/div>\n\t\t","protected":false},"excerpt":{"rendered":"<p>Consulte aqui a nossa tabela de pre\u00e7os para publicidade Click e descarregue a nossa tabela de pre\u00e7\u00e1rios &#8230;&#8230;&#8230;&#8230;&#8230;&#8230;&#8230;&#8230;&#8230;&#8230;&#8230;&#8230;&#8230;&#8230;&#8230;&#8230;&#8230;&#8230;&#8230;&#8230;&#8230;..Aqui!&#8230;&#8230;&#8230;&#8230;&#8230;&#8230;&#8230;&#8230;&#8230;&#8230;&#8230;&#8230;&#8230;&#8230;&#8230;&#8230;&#8230;&#8230;&#8230;&#8230;&#8230;&#8230;..<\/p>\n","protected":false},"author":12,"featured_media":129177,"parent":0,"menu_order":0,"comment_status":"closed","ping_status":"closed","template":"","meta":[],"_links":{"self":[{"href":"https:\/\/rna.ao\/rna.ao\/wp-json\/wp\/v2\/pages\/129169"}],"collection":[{"href":"https:\/\/rna.ao\/rna.ao\/wp-json\/wp\/v2\/pages"}],"about":[{"href":"https:\/\/rna.ao\/rna.ao\/wp-json\/wp\/v2\/types\/page"}],"author":[{"embeddable":true,"href":"https:\/\/rna.ao\/rna.ao\/wp-json\/wp\/v2\/users\/12"}],"replies":[{"embeddable":true,"href":"https:\/\/rna.ao\/rna.ao\/wp-json\/wp\/v2\/comments?post=129169"}],"version-history":[{"count":17,"href":"https:\/\/rna.ao\/rna.ao\/wp-json\/wp\/v2\/pages\/129169\/revisions"}],"predecessor-version":[{"id":202410,"href":"https:\/\/rna.ao\/rna.ao\/wp-json\/wp\/v2\/pages\/129169\/revisions\/202410"}],"wp:featuredmedia":[{"embeddable":true,"href":"https:\/\/rna.ao\/rna.ao\/wp-json\/wp\/v2\/media\/129177"}],"wp:attachment":[{"href":"https:\/\/rna.ao\/rna.ao\/wp-json\/wp\/v2\/media?parent=129169"}],"curies":[{"name":"wp","href":"https:\/\/api.w.org\/{rel}","templated":true}]}}